{"id":2625,"date":"2023-02-02T09:36:06","date_gmt":"2023-02-02T08:36:06","guid":{"rendered":"https:\/\/www.soltis-tour.com\/jeu-concours\/"},"modified":"2023-02-16T09:05:53","modified_gmt":"2023-02-16T08:05:53","slug":"concurso","status":"publish","type":"page","link":"https:\/\/www.soltis-tour.com\/es\/concurso\/","title":{"rendered":"Concurso"},"content":{"rendered":"\n<p>Al venir a vivir una experiencia \u00fanica en torno a la protecci\u00f3n solar, autom\u00e1ticamente entrar\u00e1s en el sorteo del gran concurso Soltis Tour para intentar ganar:<\/p>\n\n\n\n<ul class=\"wp-block-list\">\n<li>Un Tour por Lyon con una noche en el Grand Hotel y una visita a la sede de Serge Ferrari<\/li>\n\n\n\n<li>Sillones Lafuma Sphinx<\/li>\n\n\n\n<li>Una caja dom\u00f3tica Tahoma de Somfy<\/li>\n\n\n\n<li>Paraguas Serge Ferrari Soltis<\/li>\n<\/ul>\n","protected":false},"excerpt":{"rendered":"<p>Al venir a vivir una experiencia \u00fanica en torno a la protecci\u00f3n solar, autom\u00e1ticamente entrar\u00e1s en el sorteo del gran concurso Soltis Tour para intentar ganar:<\/p>\n","protected":false},"author":1,"featured_media":0,"parent":0,"menu_order":0,"comment_status":"closed","ping_status":"closed","template":"jeu-concours.php","meta":{"footnotes":""},"class_list":["post-2625","page","type-page","status-publish","hentry"],"yoast_head":"<!-- This site is optimized with the Yoast SEO plugin v19.10 - https:\/\/yoast.com\/wordpress\/plugins\/seo\/ -->\n<title>Concurso - Soltis Tour<\/title>\n<meta name=\"robots\" content=\"index, follow, max-snippet:-1, max-image-preview:large, max-video-preview:-1\" \/>\n<link rel=\"canonical\" href=\"https:\/\/www.soltis-tour.com\/es\/concurso\/\" \/>\n<meta property=\"og:locale\" content=\"es_ES\" \/>\n<meta property=\"og:type\" content=\"article\" \/>\n<meta property=\"og:title\" content=\"Concurso - Soltis Tour\" \/>\n<meta property=\"og:description\" content=\"Al venir a vivir una experiencia \u00fanica en torno a la protecci\u00f3n solar, autom\u00e1ticamente entrar\u00e1s en el sorteo del gran concurso Soltis Tour para intentar ganar:\" \/>\n<meta property=\"og:url\" content=\"https:\/\/www.soltis-tour.com\/es\/concurso\/\" \/>\n<meta property=\"og:site_name\" content=\"Soltis Tour\" \/>\n<meta property=\"article:modified_time\" content=\"2023-02-16T08:05:53+00:00\" \/>\n<meta name=\"twitter:card\" content=\"summary_large_image\" \/>\n<meta name=\"twitter:label1\" content=\"Tiempo de lectura\" \/>\n\t<meta name=\"twitter:data1\" content=\"1 minuto\" \/>\n<script type=\"application\/ld+json\" class=\"yoast-schema-graph\">{\"@context\":\"https:\/\/schema.org\",\"@graph\":[{\"@type\":\"WebPage\",\"@id\":\"https:\/\/www.soltis-tour.com\/es\/concurso\/\",\"url\":\"https:\/\/www.soltis-tour.com\/es\/concurso\/\",\"name\":\"Concurso - Soltis Tour\",\"isPartOf\":{\"@id\":\"https:\/\/www.soltis-tour.com\/#website\"},\"datePublished\":\"2023-02-02T08:36:06+00:00\",\"dateModified\":\"2023-02-16T08:05:53+00:00\",\"breadcrumb\":{\"@id\":\"https:\/\/www.soltis-tour.com\/es\/concurso\/#breadcrumb\"},\"inLanguage\":\"es\",\"potentialAction\":[{\"@type\":\"ReadAction\",\"target\":[\"https:\/\/www.soltis-tour.com\/es\/concurso\/\"]}]},{\"@type\":\"BreadcrumbList\",\"@id\":\"https:\/\/www.soltis-tour.com\/es\/concurso\/#breadcrumb\",\"itemListElement\":[{\"@type\":\"ListItem\",\"position\":1,\"name\":\"Accueil\",\"item\":\"https:\/\/www.soltis-tour.com\/es\/\"},{\"@type\":\"ListItem\",\"position\":2,\"name\":\"Concurso\"}]},{\"@type\":\"WebSite\",\"@id\":\"https:\/\/www.soltis-tour.com\/#website\",\"url\":\"https:\/\/www.soltis-tour.com\/\",\"name\":\"Soltis Tour\",\"description\":\"The solar experience\",\"potentialAction\":[{\"@type\":\"SearchAction\",\"target\":{\"@type\":\"EntryPoint\",\"urlTemplate\":\"https:\/\/www.soltis-tour.com\/?s={search_term_string}\"},\"query-input\":\"required name=search_term_string\"}],\"inLanguage\":\"es\"}]}<\/script>\n<!-- \/ Yoast SEO plugin. -->","yoast_head_json":{"title":"Concurso - Soltis Tour","robots":{"index":"index","follow":"follow","max-snippet":"max-snippet:-1","max-image-preview":"max-image-preview:large","max-video-preview":"max-video-preview:-1"},"canonical":"https:\/\/www.soltis-tour.com\/es\/concurso\/","og_locale":"es_ES","og_type":"article","og_title":"Concurso - Soltis Tour","og_description":"Al venir a vivir una experiencia \u00fanica en torno a la protecci\u00f3n solar, autom\u00e1ticamente entrar\u00e1s en el sorteo del gran concurso Soltis Tour para intentar ganar:","og_url":"https:\/\/www.soltis-tour.com\/es\/concurso\/","og_site_name":"Soltis Tour","article_modified_time":"2023-02-16T08:05:53+00:00","twitter_card":"summary_large_image","twitter_misc":{"Tiempo de lectura":"1 minuto"},"schema":{"@context":"https:\/\/schema.org","@graph":[{"@type":"WebPage","@id":"https:\/\/www.soltis-tour.com\/es\/concurso\/","url":"https:\/\/www.soltis-tour.com\/es\/concurso\/","name":"Concurso - Soltis Tour","isPartOf":{"@id":"https:\/\/www.soltis-tour.com\/#website"},"datePublished":"2023-02-02T08:36:06+00:00","dateModified":"2023-02-16T08:05:53+00:00","breadcrumb":{"@id":"https:\/\/www.soltis-tour.com\/es\/concurso\/#breadcrumb"},"inLanguage":"es","potentialAction":[{"@type":"ReadAction","target":["https:\/\/www.soltis-tour.com\/es\/concurso\/"]}]},{"@type":"BreadcrumbList","@id":"https:\/\/www.soltis-tour.com\/es\/concurso\/#breadcrumb","itemListElement":[{"@type":"ListItem","position":1,"name":"Accueil","item":"https:\/\/www.soltis-tour.com\/es\/"},{"@type":"ListItem","position":2,"name":"Concurso"}]},{"@type":"WebSite","@id":"https:\/\/www.soltis-tour.com\/#website","url":"https:\/\/www.soltis-tour.com\/","name":"Soltis Tour","description":"The solar experience","potentialAction":[{"@type":"SearchAction","target":{"@type":"EntryPoint","urlTemplate":"https:\/\/www.soltis-tour.com\/?s={search_term_string}"},"query-input":"required name=search_term_string"}],"inLanguage":"es"}]}},"_links":{"self":[{"href":"https:\/\/www.soltis-tour.com\/es\/wp-json\/wp\/v2\/pages\/2625","targetHints":{"allow":["GET"]}}],"collection":[{"href":"https:\/\/www.soltis-tour.com\/es\/wp-json\/wp\/v2\/pages"}],"about":[{"href":"https:\/\/www.soltis-tour.com\/es\/wp-json\/wp\/v2\/types\/page"}],"author":[{"embeddable":true,"href":"https:\/\/www.soltis-tour.com\/es\/wp-json\/wp\/v2\/users\/1"}],"replies":[{"embeddable":true,"href":"https:\/\/www.soltis-tour.com\/es\/wp-json\/wp\/v2\/comments?post=2625"}],"version-history":[{"count":4,"href":"https:\/\/www.soltis-tour.com\/es\/wp-json\/wp\/v2\/pages\/2625\/revisions"}],"predecessor-version":[{"id":3018,"href":"https:\/\/www.soltis-tour.com\/es\/wp-json\/wp\/v2\/pages\/2625\/revisions\/3018"}],"wp:attachment":[{"href":"https:\/\/www.soltis-tour.com\/es\/wp-json\/wp\/v2\/media?parent=2625"}],"curies":[{"name":"wp","href":"https:\/\/api.w.org\/{rel}","templated":true}]}}